{"id":575,"date":"2022-01-11T13:49:53","date_gmt":"2022-01-11T13:49:53","guid":{"rendered":"https:\/\/domoprestige.com\/blog\/?post_type=product&#038;p=575"},"modified":"2022-01-11T14:00:31","modified_gmt":"2022-01-11T14:00:31","slug":"interrupteur","status":"publish","type":"product","link":"https:\/\/domoprestige.delisoft.dev\/en\/product\/interrupteur\/","title":{"rendered":"Switch"},"content":{"rendered":"<p id=\"tw-target-text\" dir=\"ltr\" data-placeholder=\"Traduction\"><span lang=\"fr\">Control4's modern lighting is intended to improve lighting control and aesthetics. Control4vous provides you with a modern, stylish, and elegant industrial design that is appropriate for today's smart home and that you will love. Backlit engraving makes the smart home easier to use, and superior buttons give a robust tactile reaction with improved durability. Control4 modern lighting is ideal for any project!<\/span><\/p>\n<p dir=\"ltr\" data-placeholder=\"Traduction\"><span lang=\"fr\">Get on\/off control for virtually any type of load, including LED lamps, incandescent lamps, halogens, low-voltage electronic (solid-state) transformers, low-voltage magnetic (iron core) transformers, fluorescent lamps, compact fluorescent lamps, and motors, including ceiling fans and bathroom fans. The Control4\u00ae wireless switch also handles high-demand loads such as fountain pumps or large groups of fluorescent lights and can be used to switch wall outlets. <\/span><\/p>\n<p dir=\"ltr\" data-placeholder=\"Traduction\"><span lang=\"fr\">Available in 10 sophisticated hues and finishes to match any d\u00e9cor.<\/span><\/p>\n<p><em>*Installation must be performed by a certified electrician.<\/em><\/p>","protected":false},"excerpt":{"rendered":"<p>L&rsquo;\u00e9clairage contemporain de Control4 est con\u00e7u pour am\u00e9liorer le contr\u00f4le  [&#8230;]<\/p>","protected":false},"featured_media":553,"template":"","meta":[],"product_brand":[],"product_cat":[44,29],"product_tag":[],"class_list":{"0":"post-575","1":"product","2":"type-product","3":"status-publish","4":"has-post-thumbnail","6":"product_cat-bundle","7":"product_cat-eclairage","9":"first","10":"instock","11":"taxable","12":"shipping-taxable","13":"purchasable","14":"product-type-variable"},"_links":{"self":[{"href":"https:\/\/domoprestige.delisoft.dev\/en\/wp-json\/wp\/v2\/product\/575","targetHints":{"allow":["GET"]}}],"collection":[{"href":"https:\/\/domoprestige.delisoft.dev\/en\/wp-json\/wp\/v2\/product"}],"about":[{"href":"https:\/\/domoprestige.delisoft.dev\/en\/wp-json\/wp\/v2\/types\/product"}],"wp:featuredmedia":[{"embeddable":true,"href":"https:\/\/domoprestige.delisoft.dev\/en\/wp-json\/wp\/v2\/media\/553"}],"wp:attachment":[{"href":"https:\/\/domoprestige.delisoft.dev\/en\/wp-json\/wp\/v2\/media?parent=575"}],"wp:term":[{"taxonomy":"product_brand","embeddable":true,"href":"https:\/\/domoprestige.delisoft.dev\/en\/wp-json\/wp\/v2\/product_brand?post=575"},{"taxonomy":"product_cat","embeddable":true,"href":"https:\/\/domoprestige.delisoft.dev\/en\/wp-json\/wp\/v2\/product_cat?post=575"},{"taxonomy":"product_tag","embeddable":true,"href":"https:\/\/domoprestige.delisoft.dev\/en\/wp-json\/wp\/v2\/product_tag?post=575"}],"curies":[{"name":"wp","href":"https:\/\/api.w.org\/{rel}","templated":true}]}}