{"id":407,"date":"2021-11-16T20:41:42","date_gmt":"2021-11-16T20:41:42","guid":{"rendered":"https:\/\/domoprestige.com\/blog\/?post_type=product&#038;p=407"},"modified":"2022-01-11T14:11:38","modified_gmt":"2022-01-11T14:11:38","slug":"serrure","status":"publish","type":"product","link":"https:\/\/domoprestige.delisoft.dev\/en\/product\/serrure\/","title":{"rendered":"Smart Lock"},"content":{"rendered":"<h4 id=\"tw-target-text\" class=\"tw-data-text tw-text-large tw-ta\" dir=\"ltr\" data-placeholder=\"Traduction\"><span class=\"Y2IQFc\" lang=\"fr\">The SmartCode 916 touchscreen electronic lock with Control4 technology is now available from Kwikset\u00ae, the industry leader in home security! <\/span><\/h4>\n<p class=\"tw-data-text tw-text-large tw-ta\" dir=\"ltr\" data-placeholder=\"Traduction\"><span class=\"Y2IQFc\" lang=\"fr\">The SmartCode 916 combines the convenience and elegance of a capacitive touch screen with the functionality of a smart lock, including keyless entry and SmartKey\u00ae. Expanding your home automation solution with a Kwikset SmartCode 916 touchscreen deadbolt will allow the lock to communicate wirelessly with security and home automation systems via Control4.<\/span><\/p>\n<p id=\"tw-target-text\" class=\"tw-data-text tw-text-large tw-ta\" dir=\"ltr\" data-placeholder=\"Traduction\"><strong><span class=\"Y2IQFc\" lang=\"fr\">FEATURES: <\/span><\/strong><\/p>\n<ul>\n<li class=\"tw-data-text tw-text-large tw-ta\" dir=\"ltr\" data-placeholder=\"Traduction\"><span class=\"Y2IQFc\" lang=\"fr\">Function: Single cylinder deadbolt <\/span><\/li>\n<li class=\"tw-data-text tw-text-large tw-ta\" dir=\"ltr\" data-placeholder=\"Traduction\"><span class=\"Y2IQFc\" lang=\"fr\">Door preparation: 2 1\/8\u2033 diameter face hole and 1\u2033 diameter latch hole <\/span><\/li>\n<li class=\"tw-data-text tw-text-large tw-ta\" dir=\"ltr\" data-placeholder=\"Traduction\"><span class=\"Y2IQFc\" lang=\"fr\">Gap Distance: Adjustable 2 3\/8\u2033 or 2 3\/4\u2033 <\/span><\/li>\n<li class=\"tw-data-text tw-text-large tw-ta\" dir=\"ltr\" data-placeholder=\"Traduction\"><span class=\"Y2IQFc\" lang=\"fr\">Door Thickness: 1 3\/8\u2033 \u2013 2\u2033 auto adjustment <\/span><\/li>\n<li class=\"tw-data-text tw-text-large tw-ta\" dir=\"ltr\" data-placeholder=\"Traduction\"><span class=\"Y2IQFc\" lang=\"fr\">Fronts: 1\u2033 x 2 1\/4\u2033 Standard Round Corner <\/span><\/li>\n<li class=\"tw-data-text tw-text-large tw-ta\" dir=\"ltr\" data-placeholder=\"Traduction\"><span class=\"Y2IQFc\" lang=\"fr\">Striker plate: 2 3\/4\u2033 x 2 1\/8\u2033 Rounded Corner Striker Plate <\/span><\/li>\n<li class=\"tw-data-text tw-text-large tw-ta\" dir=\"ltr\" data-placeholder=\"Traduction\"><span class=\"Y2IQFc\" lang=\"fr\">Latch: 2 3\/8\u2033 x 2 3\/4\u2033 Adjustable Round Corner <\/span><\/li>\n<li class=\"tw-data-text tw-text-large tw-ta\" dir=\"ltr\" data-placeholder=\"Traduction\"><span class=\"Y2IQFc\" lang=\"fr\">Bolt: 1 \" steel deadbolt <\/span><\/li>\n<li class=\"tw-data-text tw-text-large tw-ta\" dir=\"ltr\" data-placeholder=\"Traduction\"><span class=\"Y2IQFc\" lang=\"fr\">Door Handling: Reversible <\/span><\/li>\n<li class=\"tw-data-text tw-text-large tw-ta\" dir=\"ltr\" data-placeholder=\"Traduction\"><span class=\"Y2IQFc\" lang=\"fr\">Cylinder: SmartKey\u00ae <\/span><\/li>\n<li class=\"tw-data-text tw-text-large tw-ta\" dir=\"ltr\" data-placeholder=\"Traduction\"><span class=\"Y2IQFc\" lang=\"fr\">Wireless Protocol: The ZigBee lock complies with the ZigBee standard for free-field transmission within 3 meters (approximately 9 feet) of a ZigBee repeater device.<\/span><\/li>\n<\/ul>","protected":false},"excerpt":{"rendered":"<p>Kwikset\u00ae, le leader de la s\u00e9curit\u00e9 r\u00e9sidentielle, pr\u00e9sente le p\u00eane  [&#8230;]<\/p>","protected":false},"featured_media":561,"template":"","meta":[],"product_brand":[],"product_cat":[44],"product_tag":[],"class_list":{"0":"post-407","1":"product","2":"type-product","3":"status-publish","4":"has-post-thumbnail","6":"product_cat-bundle","8":"first","9":"instock","10":"taxable","11":"shipping-taxable","12":"purchasable","13":"product-type-variable"},"_links":{"self":[{"href":"https:\/\/domoprestige.delisoft.dev\/en\/wp-json\/wp\/v2\/product\/407","targetHints":{"allow":["GET"]}}],"collection":[{"href":"https:\/\/domoprestige.delisoft.dev\/en\/wp-json\/wp\/v2\/product"}],"about":[{"href":"https:\/\/domoprestige.delisoft.dev\/en\/wp-json\/wp\/v2\/types\/product"}],"wp:featuredmedia":[{"embeddable":true,"href":"https:\/\/domoprestige.delisoft.dev\/en\/wp-json\/wp\/v2\/media\/561"}],"wp:attachment":[{"href":"https:\/\/domoprestige.delisoft.dev\/en\/wp-json\/wp\/v2\/media?parent=407"}],"wp:term":[{"taxonomy":"product_brand","embeddable":true,"href":"https:\/\/domoprestige.delisoft.dev\/en\/wp-json\/wp\/v2\/product_brand?post=407"},{"taxonomy":"product_cat","embeddable":true,"href":"https:\/\/domoprestige.delisoft.dev\/en\/wp-json\/wp\/v2\/product_cat?post=407"},{"taxonomy":"product_tag","embeddable":true,"href":"https:\/\/domoprestige.delisoft.dev\/en\/wp-json\/wp\/v2\/product_tag?post=407"}],"curies":[{"name":"wp","href":"https:\/\/api.w.org\/{rel}","templated":true}]}}