{"id":180,"date":"2021-11-09T19:17:58","date_gmt":"2021-11-09T19:17:58","guid":{"rendered":"https:\/\/domoprestige.com\/blog\/?post_type=product&#038;p=180"},"modified":"2022-01-11T13:48:36","modified_gmt":"2022-01-11T13:48:36","slug":"dimmer-c4","status":"publish","type":"product","link":"https:\/\/domoprestige.delisoft.dev\/en\/product\/dimmer-c4\/","title":{"rendered":"Dimmer"},"content":{"rendered":"<p id=\"tw-target-text\" class=\"tw-data-text tw-text-large tw-ta\" dir=\"ltr\" data-placeholder=\"Traduction\"><span class=\"Y2IQFc\" lang=\"fr\">Control4's modern lighting is intended to improve lighting control and aesthetics. Control4vous provides you with a modern, stylish, and elegant industrial design that is appropriate for today's smart home and that you will love. Backlit engraving makes the smart home easier to use, and superior buttons give a robust tactile reaction with improved durability. Control4 modern lighting is ideal for any project!<\/span><\/p>\n<p class=\"tw-data-text tw-text-large tw-ta\" dir=\"ltr\" data-placeholder=\"Traduction\"><span class=\"Y2IQFc\" lang=\"fr\">The Control4\u00ae wireless adaptive phase dimmer is the go-to dimmer for almost any type of load. This dimmer eliminates most of the uncertainty associated with selecting the proper dimmer for the task and prevents the dimmer from needing to be replaced if the load type changes in the future. This stylish dimmer is compatible with a wide range of dimmable load types including most LEDs, incandescent lamps, halogens, low voltage (solid state) electronic transformers, magnetic low voltage transformers (iron core), fluorescent lamps and compact fluorescent lamps. <\/span><\/p>\n<p class=\"tw-data-text tw-text-large tw-ta\" dir=\"ltr\" data-placeholder=\"Traduction\"><span class=\"Y2IQFc\" lang=\"fr\">Available in 10 sophisticated hues and finishes to match any d\u00e9cor.<\/span><\/p>","protected":false},"excerpt":{"rendered":"<p>L\u2019\u00e9clairage contemporain de Control4 est con\u00e7u pour am\u00e9liorer le contr\u00f4le  [&#8230;]<\/p>","protected":false},"featured_media":553,"template":"","meta":[],"product_brand":[],"product_cat":[44,29],"product_tag":[],"class_list":{"0":"post-180","1":"product","2":"type-product","3":"status-publish","4":"has-post-thumbnail","6":"product_cat-bundle","7":"product_cat-eclairage","9":"first","10":"instock","11":"taxable","12":"shipping-taxable","13":"purchasable","14":"product-type-variable"},"_links":{"self":[{"href":"https:\/\/domoprestige.delisoft.dev\/en\/wp-json\/wp\/v2\/product\/180","targetHints":{"allow":["GET"]}}],"collection":[{"href":"https:\/\/domoprestige.delisoft.dev\/en\/wp-json\/wp\/v2\/product"}],"about":[{"href":"https:\/\/domoprestige.delisoft.dev\/en\/wp-json\/wp\/v2\/types\/product"}],"wp:featuredmedia":[{"embeddable":true,"href":"https:\/\/domoprestige.delisoft.dev\/en\/wp-json\/wp\/v2\/media\/553"}],"wp:attachment":[{"href":"https:\/\/domoprestige.delisoft.dev\/en\/wp-json\/wp\/v2\/media?parent=180"}],"wp:term":[{"taxonomy":"product_brand","embeddable":true,"href":"https:\/\/domoprestige.delisoft.dev\/en\/wp-json\/wp\/v2\/product_brand?post=180"},{"taxonomy":"product_cat","embeddable":true,"href":"https:\/\/domoprestige.delisoft.dev\/en\/wp-json\/wp\/v2\/product_cat?post=180"},{"taxonomy":"product_tag","embeddable":true,"href":"https:\/\/domoprestige.delisoft.dev\/en\/wp-json\/wp\/v2\/product_tag?post=180"}],"curies":[{"name":"wp","href":"https:\/\/api.w.org\/{rel}","templated":true}]}}